{"id":10089,"date":"2023-12-20T09:00:01","date_gmt":"2023-12-20T09:00:01","guid":{"rendered":"https:\/\/mysolar.ee\/?post_type=product&#038;p=10089"},"modified":"2024-11-20T13:47:50","modified_gmt":"2024-11-20T11:47:50","slug":"sigen-energy-controller-20-0-kw-hubriid-inverter-copy","status":"publish","type":"product","link":"https:\/\/mysolar.ee\/ru\/product\/sigen-energy-controller-20-0-kw-hubriid-inverter-copy\/","title":{"rendered":"Sigen Energy Controller 20.0 kW &#8212; H\u00fcbriid Inverter"},"content":{"rendered":"<p class=\"p1\"><strong><span class=\"s1\">Sigen Energy <\/span><\/strong><\/p>\n<p class=\"p1\"><span class=\"s1\">on <\/span>ettev\u00f5te,<span class=\"s1\">\u00a0mis\u00a0<\/span>toodab<span class=\"s1\">\u00a0<\/span>t\u00f5eliselt<span class=\"s1\">\u00a0<\/span>lahedaid<span class=\"s1\">\u00a0ja\u00a0<\/span>nutikaid<span class=\"s1\">\u00a0<\/span>asju<span class=\"s1\">\u00a0p\u00e4ike<\/span>see<span class=\"s1\">nergia\u00a0<\/span>salvestamiseks<span class=\"s1\">\u00a0ja\u00a0<\/span>kasutamiseks.<span class=\"s1\">\u00a0<\/span>Nad<span class=\"s1\">\u00a0<\/span>keskenduvad<span class=\"s1\">\u00a0<\/span>asjade<span class=\"s1\">\u00a0<\/span>valmistamisele,<span class=\"s1\">\u00a0mis on\u00a0<\/span>kaasaegsed,<span class=\"s1\">\u00a0<\/span>taskukohased<span class=\"s1\">\u00a0<\/span>ning<span class=\"s1\">\u00a0<\/span>sobivad<span class=\"s1\">\u00a0<\/span>h\u00e4sti<span class=\"s1\">\u00a0energia\u00a0<\/span>salvestamiseks<span class=\"s1\">\u00a0ja\u00a0<\/span>elektriautode<span class=\"s1\">\u00a0<\/span>toiteks.<span class=\"s1\">\u00a0<\/span><\/p>\n<p class=\"p1\">Sigen Energy<span class=\"s1\">\u00a0<\/span>kasutavad<span class=\"s1\">\u00a0ka\u00a0<\/span>t\u00f5eliselt<span class=\"s1\">\u00a0<\/span>nutikaid<span class=\"s1\">\u00a0<\/span>arvutis\u00fcsteeme <span class=\"s1\">ja tehisintellekti<\/span>. SigenStor<span class=\"s1\">\u00a0on Sigenergy\u00a0<\/span><span class=\"s2\">5-\u00fches energiasalvestuss\u00fcsteem, mis on sobiv nii kodu- kui ka \u00e4riettev\u00f5ttetele.<\/span><\/p>\n<p class=\"p3\">Saab<span class=\"s1\">\u00a0<\/span>lisada<span class=\"s1\">\u00a0<\/span>akuplokke,<span class=\"s1\">\u00a0<\/span>et<span class=\"s1\">\u00a0<\/span>see<span class=\"s1\">\u00a0<\/span>mahutaks<span class=\"s1\">\u00a0<\/span>rohkem<span class=\"s1\">\u00a0<\/span>energiat.<span class=\"s1\">\u00a0<\/span><span class=\"s3\">Koduseks kasutamiseks v\u00f5ib valida salvestusmahtu kuni 48 kWh ja \u00e4riliseks kasutamiseks kuni 480 kWh, parraleel \u00fchendamise kaudu.<\/span><\/p>\n<p class=\"p3\">SigenStor<span class=\"s1\">\u00a0<\/span>\u00fchendab<span class=\"s1\">\u00a0<\/span>erinevad<span class=\"s1\">\u00a0<\/span>asjad<span class=\"s1\">\u00a0<\/span>\u00fcheks<span class=\"s1\">\u00a0<\/span>s\u00fcsteemiks.<span class=\"s1\">\u00a0<\/span>See<span class=\"s1\">\u00a0<\/span>\u00fchendab<span class=\"s1\">\u00a0<\/span>p\u00e4ikeseenergia,<span class=\"s1\">\u00a0<\/span>elektriautode<span class=\"s1\">\u00a0<\/span>laadija,<span class=\"s1\">\u00a0<\/span>akude<span class=\"s1\">\u00a0<\/span>juhtimise<span class=\"s1\">\u00a0<\/span>seadme,<span class=\"s1\">\u00a0<\/span>akud<span class=\"s1\">\u00a0<\/span>ise<span class=\"s1\">\u00a0ja\u00a0<\/span>kogu<span class=\"s1\">\u00a0energia\u00a0<\/span>kasutamise<span class=\"s1\">\u00a0<\/span>haldamise<span class=\"s1\">\u00a0<\/span>s\u00fcsteemi.<\/p>\n<p class=\"p5\"><span class=\"s4\">SigenStor integreerib \u00fchte s\u00fcsteemiplokki:<\/span><\/p>\n<p class=\"p5\"><span class=\"s4\">-p\u00e4ikeseelektrijaama inverteri (SigenStor EC 20.0 TP)<\/span><\/p>\n<p class=\"p5\"><span class=\"s4\">-elektris\u00f5iduki alalisvoolu laadija (EV DC Charger) <\/span><\/p>\n<p class=\"p5\"><span class=\"s4\">-akupingeregulaatori (Battery PCS)<\/span><\/p>\n<p class=\"p5\"><span class=\"s4\">-akupatarei (Battery Pack)<\/span><\/p>\n<p class=\"p6\"><span class=\"s5\">-energiamajanduss\u00fcsteemi (EMS)<\/span><\/p>\n<p><a href=\"https:\/\/mysolar.ee\/wp-content\/uploads\/2023\/12\/Datasheet-SigenStor-Home.pdf\">Sigen Energy Toote Spetsifikatsioon<\/a><\/p>\n<p>Saadaval ka teised mudelid, akud, autolaadijat ja muud Sigen Energy tooted! K\u00fcsi mida vaja!<\/p>\n","protected":false},"excerpt":{"rendered":"<p>SigenStor EC 20.0 TP<\/p>\n","protected":false},"featured_media":10074,"template":"","meta":{"_acf_changed":false},"product_brand":[],"product_cat":[753,102],"product_tag":[],"class_list":{"0":"post-10089","1":"product","2":"type-product","3":"status-publish","4":"has-post-thumbnail","6":"product_cat-hubriid-inverterid-ru","7":"product_cat-inverters-ru","9":"first","10":"instock","11":"taxable","12":"shipping-taxable","13":"purchasable","14":"product-type-simple"},"acf":[],"yoast_head":"<!-- This site is optimized with the Yoast SEO plugin v27.2 - https:\/\/yoast.com\/product\/yoast-seo-wordpress\/ -->\n<title>Sigen Energy Controller 20.0 kW - H\u00fcbriid Inverter - My Solar<\/title>\n<meta name=\"description\" content=\"Sigen Energy, SigenStor H\u00fcbriid Inverter\" \/>\n<meta name=\"robots\" content=\"index, follow, max-snippet:-1, max-image-preview:large, max-video-preview:-1\" \/>\n<link rel=\"canonical\" href=\"https:\/\/mysolar.ee\/ru\/product\/sigen-energy-controller-20-0-kw-hubriid-inverter-copy\/\" \/>\n<meta property=\"og:locale\" content=\"ru_RU\" \/>\n<meta property=\"og:type\" content=\"article\" \/>\n<meta property=\"og:title\" content=\"Sigen Energy Controller 20.0 kW - H\u00fcbriid Inverter - My Solar\" \/>\n<meta property=\"og:description\" content=\"Sigen Energy, SigenStor H\u00fcbriid Inverter\" \/>\n<meta property=\"og:url\" content=\"https:\/\/mysolar.ee\/ru\/product\/sigen-energy-controller-20-0-kw-hubriid-inverter-copy\/\" \/>\n<meta property=\"og:site_name\" content=\"My Solar\" \/>\n<meta property=\"article:publisher\" content=\"https:\/\/www.facebook.com\/mysolar.ee\/\" \/>\n<meta property=\"article:modified_time\" content=\"2024-11-20T11:47:50+00:00\" \/>\n<meta property=\"og:image\" content=\"https:\/\/mysolar.ee\/wp-content\/uploads\/2023\/12\/SigenStor-1.jpeg\" \/>\n\t<meta property=\"og:image:width\" content=\"1000\" \/>\n\t<meta property=\"og:image:height\" content=\"1000\" \/>\n\t<meta property=\"og:image:type\" content=\"image\/jpeg\" \/>\n<meta name=\"twitter:card\" content=\"summary_large_image\" \/>\n<meta name=\"twitter:label1\" content=\"\u041f\u0440\u0438\u043c\u0435\u0440\u043d\u043e\u0435 \u0432\u0440\u0435\u043c\u044f \u0434\u043b\u044f \u0447\u0442\u0435\u043d\u0438\u044f\" \/>\n\t<meta name=\"twitter:data1\" content=\"1 \u043c\u0438\u043d\u0443\u0442\u0430\" \/>\n<script type=\"application\/ld+json\" class=\"yoast-schema-graph\">{\"@context\":\"https:\/\/schema.org\",\"@graph\":[{\"@type\":\"WebPage\",\"@id\":\"https:\/\/mysolar.ee\/ru\/product\/sigen-energy-controller-20-0-kw-hubriid-inverter-copy\/\",\"url\":\"https:\/\/mysolar.ee\/ru\/product\/sigen-energy-controller-20-0-kw-hubriid-inverter-copy\/\",\"name\":\"Sigen Energy Controller 20.0 kW - H\u00fcbriid Inverter - My Solar\",\"isPartOf\":{\"@id\":\"https:\/\/mysolar.ee\/ru\/#website\"},\"primaryImageOfPage\":{\"@id\":\"https:\/\/mysolar.ee\/ru\/product\/sigen-energy-controller-20-0-kw-hubriid-inverter-copy\/#primaryimage\"},\"image\":{\"@id\":\"https:\/\/mysolar.ee\/ru\/product\/sigen-energy-controller-20-0-kw-hubriid-inverter-copy\/#primaryimage\"},\"thumbnailUrl\":\"https:\/\/mysolar.ee\/wp-content\/uploads\/2023\/12\/SigenStor-1.jpeg\",\"datePublished\":\"2023-12-20T09:00:01+00:00\",\"dateModified\":\"2024-11-20T11:47:50+00:00\",\"description\":\"Sigen Energy, SigenStor H\u00fcbriid Inverter\",\"breadcrumb\":{\"@id\":\"https:\/\/mysolar.ee\/ru\/product\/sigen-energy-controller-20-0-kw-hubriid-inverter-copy\/#breadcrumb\"},\"inLanguage\":\"ru-RU\",\"potentialAction\":[{\"@type\":\"ReadAction\",\"target\":[\"https:\/\/mysolar.ee\/ru\/product\/sigen-energy-controller-20-0-kw-hubriid-inverter-copy\/\"]}]},{\"@type\":\"ImageObject\",\"inLanguage\":\"ru-RU\",\"@id\":\"https:\/\/mysolar.ee\/ru\/product\/sigen-energy-controller-20-0-kw-hubriid-inverter-copy\/#primaryimage\",\"url\":\"https:\/\/mysolar.ee\/wp-content\/uploads\/2023\/12\/SigenStor-1.jpeg\",\"contentUrl\":\"https:\/\/mysolar.ee\/wp-content\/uploads\/2023\/12\/SigenStor-1.jpeg\",\"width\":1000,\"height\":1000},{\"@type\":\"BreadcrumbList\",\"@id\":\"https:\/\/mysolar.ee\/ru\/product\/sigen-energy-controller-20-0-kw-hubriid-inverter-copy\/#breadcrumb\",\"itemListElement\":[{\"@type\":\"ListItem\",\"position\":1,\"name\":\"\u0413\u043b\u0430\u0432\u043d\u0430\u044f \u0441\u0442\u0440\u0430\u043d\u0438\u0446\u0430\",\"item\":\"https:\/\/mysolar.ee\/ru\/\"},{\"@type\":\"ListItem\",\"position\":2,\"name\":\"Shop\",\"item\":\"https:\/\/mysolar.ee\/ru\/shop-2\/\"},{\"@type\":\"ListItem\",\"position\":3,\"name\":\"Sigen Energy Controller 20.0 kW &#8211; H\u00fcbriid Inverter\"}]},{\"@type\":\"WebSite\",\"@id\":\"https:\/\/mysolar.ee\/ru\/#website\",\"url\":\"https:\/\/mysolar.ee\/ru\/\",\"name\":\"https:\/\/mysolar.ee\/\",\"description\":\"\u041f\u0440\u043e\u0434\u0430\u0436\u0430 \u0438 \u0443\u0441\u0442\u0430\u043d\u043e\u0432\u043a\u0430 \u0441\u043e\u043b\u043d\u0435\u0447\u043d\u044b\u0445 \u0441\u0438\u0441\u0442\u0435\u043c &quot;\u041f\u043e\u0434 \u041a\u043b\u044e\u0447&quot;\",\"publisher\":{\"@id\":\"https:\/\/mysolar.ee\/ru\/#organization\"},\"alternateName\":\"mysolar\",\"potentialAction\":[{\"@type\":\"SearchAction\",\"target\":{\"@type\":\"EntryPoint\",\"urlTemplate\":\"https:\/\/mysolar.ee\/ru\/?s={search_term_string}\"},\"query-input\":{\"@type\":\"PropertyValueSpecification\",\"valueRequired\":true,\"valueName\":\"search_term_string\"}}],\"inLanguage\":\"ru-RU\"},{\"@type\":\"Organization\",\"@id\":\"https:\/\/mysolar.ee\/ru\/#organization\",\"name\":\"MySolar O\u00dc\",\"alternateName\":\"mysolar\",\"url\":\"https:\/\/mysolar.ee\/ru\/\",\"logo\":{\"@type\":\"ImageObject\",\"inLanguage\":\"ru-RU\",\"@id\":\"https:\/\/mysolar.ee\/ru\/#\/schema\/logo\/image\/\",\"url\":\"https:\/\/mysolar.ee\/wp-content\/uploads\/2023\/05\/logo-novoe.png\",\"contentUrl\":\"https:\/\/mysolar.ee\/wp-content\/uploads\/2023\/05\/logo-novoe.png\",\"width\":978,\"height\":473,\"caption\":\"MySolar O\u00dc\"},\"image\":{\"@id\":\"https:\/\/mysolar.ee\/ru\/#\/schema\/logo\/image\/\"},\"sameAs\":[\"https:\/\/www.facebook.com\/mysolar.ee\/\"]}]}<\/script>\n<!-- \/ Yoast SEO plugin. -->","yoast_head_json":{"title":"Sigen Energy Controller 20.0 kW - H\u00fcbriid Inverter - My Solar","description":"Sigen Energy, SigenStor H\u00fcbriid Inverter","robots":{"index":"index","follow":"follow","max-snippet":"max-snippet:-1","max-image-preview":"max-image-preview:large","max-video-preview":"max-video-preview:-1"},"canonical":"https:\/\/mysolar.ee\/ru\/product\/sigen-energy-controller-20-0-kw-hubriid-inverter-copy\/","og_locale":"ru_RU","og_type":"article","og_title":"Sigen Energy Controller 20.0 kW - H\u00fcbriid Inverter - My Solar","og_description":"Sigen Energy, SigenStor H\u00fcbriid Inverter","og_url":"https:\/\/mysolar.ee\/ru\/product\/sigen-energy-controller-20-0-kw-hubriid-inverter-copy\/","og_site_name":"My Solar","article_publisher":"https:\/\/www.facebook.com\/mysolar.ee\/","article_modified_time":"2024-11-20T11:47:50+00:00","og_image":[{"width":1000,"height":1000,"url":"https:\/\/mysolar.ee\/wp-content\/uploads\/2023\/12\/SigenStor-1.jpeg","type":"image\/jpeg"}],"twitter_card":"summary_large_image","twitter_misc":{"\u041f\u0440\u0438\u043c\u0435\u0440\u043d\u043e\u0435 \u0432\u0440\u0435\u043c\u044f \u0434\u043b\u044f \u0447\u0442\u0435\u043d\u0438\u044f":"1 \u043c\u0438\u043d\u0443\u0442\u0430"},"schema":{"@context":"https:\/\/schema.org","@graph":[{"@type":"WebPage","@id":"https:\/\/mysolar.ee\/ru\/product\/sigen-energy-controller-20-0-kw-hubriid-inverter-copy\/","url":"https:\/\/mysolar.ee\/ru\/product\/sigen-energy-controller-20-0-kw-hubriid-inverter-copy\/","name":"Sigen Energy Controller 20.0 kW - H\u00fcbriid Inverter - My Solar","isPartOf":{"@id":"https:\/\/mysolar.ee\/ru\/#website"},"primaryImageOfPage":{"@id":"https:\/\/mysolar.ee\/ru\/product\/sigen-energy-controller-20-0-kw-hubriid-inverter-copy\/#primaryimage"},"image":{"@id":"https:\/\/mysolar.ee\/ru\/product\/sigen-energy-controller-20-0-kw-hubriid-inverter-copy\/#primaryimage"},"thumbnailUrl":"https:\/\/mysolar.ee\/wp-content\/uploads\/2023\/12\/SigenStor-1.jpeg","datePublished":"2023-12-20T09:00:01+00:00","dateModified":"2024-11-20T11:47:50+00:00","description":"Sigen Energy, SigenStor H\u00fcbriid Inverter","breadcrumb":{"@id":"https:\/\/mysolar.ee\/ru\/product\/sigen-energy-controller-20-0-kw-hubriid-inverter-copy\/#breadcrumb"},"inLanguage":"ru-RU","potentialAction":[{"@type":"ReadAction","target":["https:\/\/mysolar.ee\/ru\/product\/sigen-energy-controller-20-0-kw-hubriid-inverter-copy\/"]}]},{"@type":"ImageObject","inLanguage":"ru-RU","@id":"https:\/\/mysolar.ee\/ru\/product\/sigen-energy-controller-20-0-kw-hubriid-inverter-copy\/#primaryimage","url":"https:\/\/mysolar.ee\/wp-content\/uploads\/2023\/12\/SigenStor-1.jpeg","contentUrl":"https:\/\/mysolar.ee\/wp-content\/uploads\/2023\/12\/SigenStor-1.jpeg","width":1000,"height":1000},{"@type":"BreadcrumbList","@id":"https:\/\/mysolar.ee\/ru\/product\/sigen-energy-controller-20-0-kw-hubriid-inverter-copy\/#breadcrumb","itemListElement":[{"@type":"ListItem","position":1,"name":"\u0413\u043b\u0430\u0432\u043d\u0430\u044f \u0441\u0442\u0440\u0430\u043d\u0438\u0446\u0430","item":"https:\/\/mysolar.ee\/ru\/"},{"@type":"ListItem","position":2,"name":"Shop","item":"https:\/\/mysolar.ee\/ru\/shop-2\/"},{"@type":"ListItem","position":3,"name":"Sigen Energy Controller 20.0 kW &#8211; H\u00fcbriid Inverter"}]},{"@type":"WebSite","@id":"https:\/\/mysolar.ee\/ru\/#website","url":"https:\/\/mysolar.ee\/ru\/","name":"https:\/\/mysolar.ee\/","description":"\u041f\u0440\u043e\u0434\u0430\u0436\u0430 \u0438 \u0443\u0441\u0442\u0430\u043d\u043e\u0432\u043a\u0430 \u0441\u043e\u043b\u043d\u0435\u0447\u043d\u044b\u0445 \u0441\u0438\u0441\u0442\u0435\u043c &quot;\u041f\u043e\u0434 \u041a\u043b\u044e\u0447&quot;","publisher":{"@id":"https:\/\/mysolar.ee\/ru\/#organization"},"alternateName":"mysolar","potentialAction":[{"@type":"SearchAction","target":{"@type":"EntryPoint","urlTemplate":"https:\/\/mysolar.ee\/ru\/?s={search_term_string}"},"query-input":{"@type":"PropertyValueSpecification","valueRequired":true,"valueName":"search_term_string"}}],"inLanguage":"ru-RU"},{"@type":"Organization","@id":"https:\/\/mysolar.ee\/ru\/#organization","name":"MySolar O\u00dc","alternateName":"mysolar","url":"https:\/\/mysolar.ee\/ru\/","logo":{"@type":"ImageObject","inLanguage":"ru-RU","@id":"https:\/\/mysolar.ee\/ru\/#\/schema\/logo\/image\/","url":"https:\/\/mysolar.ee\/wp-content\/uploads\/2023\/05\/logo-novoe.png","contentUrl":"https:\/\/mysolar.ee\/wp-content\/uploads\/2023\/05\/logo-novoe.png","width":978,"height":473,"caption":"MySolar O\u00dc"},"image":{"@id":"https:\/\/mysolar.ee\/ru\/#\/schema\/logo\/image\/"},"sameAs":["https:\/\/www.facebook.com\/mysolar.ee\/"]}]}},"_links":{"self":[{"href":"https:\/\/mysolar.ee\/ru\/wp-json\/wp\/v2\/product\/10089","targetHints":{"allow":["GET"]}}],"collection":[{"href":"https:\/\/mysolar.ee\/ru\/wp-json\/wp\/v2\/product"}],"about":[{"href":"https:\/\/mysolar.ee\/ru\/wp-json\/wp\/v2\/types\/product"}],"wp:featuredmedia":[{"embeddable":true,"href":"https:\/\/mysolar.ee\/ru\/wp-json\/wp\/v2\/media\/10074"}],"wp:attachment":[{"href":"https:\/\/mysolar.ee\/ru\/wp-json\/wp\/v2\/media?parent=10089"}],"wp:term":[{"taxonomy":"product_brand","embeddable":true,"href":"https:\/\/mysolar.ee\/ru\/wp-json\/wp\/v2\/product_brand?post=10089"},{"taxonomy":"product_cat","embeddable":true,"href":"https:\/\/mysolar.ee\/ru\/wp-json\/wp\/v2\/product_cat?post=10089"},{"taxonomy":"product_tag","embeddable":true,"href":"https:\/\/mysolar.ee\/ru\/wp-json\/wp\/v2\/product_tag?post=10089"}],"curies":[{"name":"wp","href":"https:\/\/api.w.org\/{rel}","templated":true}]}}