{"id":10265,"date":"2022-12-16T08:42:33","date_gmt":"2022-12-16T08:42:33","guid":{"rendered":"https:\/\/mysolar.ee\/product\/sofar-hyd-8-ep\/"},"modified":"2024-04-02T09:34:27","modified_gmt":"2024-04-02T09:34:27","slug":"sofar-hyd-8-ep","status":"publish","type":"product","link":"https:\/\/mysolar.ee\/en\/product\/sofar-hyd-8-ep\/","title":{"rendered":"INVERTER SOFAR HYD8KTL HYBRID"},"content":{"rendered":"<p>Kolmefaasiline h\u00fcbriidinverter &#8211; lahendus energia salvestamiseks teie PV-s\u00fcsteemis koos v\u00f5rgup\u00f5histe ja -v\u00e4liste funktsioonidega.<\/p>\n<p>HYD 8KTL-3PH on SofarSolari kolmefaasiline h\u00fcbriidinverter, mis sobib ideaalselt nii p\u00e4ikese- kui ka salvestusrakenduste jaoks. Selle nimiv\u00f5imsus laadimisel v\u00f5i t\u00fchjendamisel on 8000 W.<\/p>\n<p>V\u00f5rguh\u00e4irete korral suudab seade oma integreeritud EPS-porti kaudu 10 millisekundi jooksul pakkuda kuni 20 kW tasakaalustamata kolmefaasilist avariitoite (EPS). T\u00e4nu 2 MPPT-le ja 2 s\u00f5ltumatule akupordile (mudelitel 10K kuni 20KTL) saab GTX 3000-H abil aku v\u00f5imsust erinevalt konfigureerida 2,5 kWh kaupa.<\/p>\n<p>Kokku saab kuni 10 inverterit \u00fchendada paralleelselt EPS- ja vahelduvvoolu\u00fchendustega. See muudab seadme ideaalseks mikrov\u00f5rkude paigaldamiseks (v\u00f5rku \u00fchendatud v\u00f5i v\u00f5rguv\u00e4lised). Integreeritud energiajuhtimiss\u00fcsteemi abil saab seadistada automaatse isekasutuse re\u017eiimi, aja- ja\/v\u00f5i kuup\u00e4evavahemikke v\u00f5i n\u00e4dalap\u00e4evade reegleid. Suur LCD-ekraan lihtsustab seadistamist veelgi. Kaasasoleva WiFi-pulga abil saab inverteri h\u00f5lpsasti \u00fchendada Sofari seireportaaliga.<\/p>\n<p>Toote eelised<\/p>\n<ul>\n<li>Kolmefaasiline energiasalvestusinverter<\/li>\n<li>2 MPPT-sisendit<\/li>\n<li>T\u00e4ielikult digitaalne juhtimine<\/li>\n<li>Mitu paralleelset s\u00fcsteemi<\/li>\n<li>Saadaval on erinevad t\u00f6\u00f6re\u017eiimid<\/li>\n<li>Kolmefaasiline eraldiseisev avariitoite v\u00e4ljund<\/li>\n<\/ul>\n<p><a href=\"https:\/\/mysolar.ee\/wp-content\/uploads\/2022\/12\/Technical-Data-SOFAR-HYD-8KTL-3PH.pdf\">Technical Data SOFAR HYD 8KTL-3PH<\/a><\/p>\n<p><a href=\"https:\/\/mysolar.ee\/wp-content\/uploads\/2022\/12\/Manual-INVERTER-SOFAR-HYD8KTL-HYBRID.pdf\">Manual INVERTER SOFAR HYD8KTL HYBRID<\/a><\/p>\n","protected":false},"excerpt":{"rendered":"<p>Hind sisaldab k\u00e4ibemaksu<\/p>\n<p>Suurtele kogustele k\u00fcsi pakkumist!<\/p>\n","protected":false},"featured_media":5522,"template":"","meta":{"_acf_changed":false},"product_brand":[],"product_cat":[752,19],"product_tag":[],"class_list":{"0":"post-10265","1":"product","2":"type-product","3":"status-publish","4":"has-post-thumbnail","6":"product_cat-hubriid-inverterid-en","7":"product_cat-inverters","9":"first","10":"instock","11":"taxable","12":"shipping-taxable","13":"purchasable","14":"product-type-simple"},"acf":[],"yoast_head":"<!-- This site is optimized with the Yoast SEO plugin v27.2 - https:\/\/yoast.com\/product\/yoast-seo-wordpress\/ -->\n<title>INVERTER SOFAR HYD8KTL HYBRID - My Solar<\/title>\n<meta name=\"robots\" content=\"index, follow, max-snippet:-1, max-image-preview:large, max-video-preview:-1\" \/>\n<link rel=\"canonical\" href=\"https:\/\/mysolar.ee\/en\/product\/sofar-hyd-8-ep\/\" \/>\n<meta property=\"og:locale\" content=\"en_US\" \/>\n<meta property=\"og:type\" content=\"article\" \/>\n<meta property=\"og:title\" content=\"INVERTER SOFAR HYD8KTL HYBRID - My Solar\" \/>\n<meta property=\"og:description\" content=\"Hind sisaldab k\u00e4ibemaksu  Suurtele kogustele k\u00fcsi pakkumist!\" \/>\n<meta property=\"og:url\" content=\"https:\/\/mysolar.ee\/en\/product\/sofar-hyd-8-ep\/\" \/>\n<meta property=\"og:site_name\" content=\"My Solar\" \/>\n<meta property=\"article:publisher\" content=\"https:\/\/www.facebook.com\/mysolar.ee\/\" \/>\n<meta property=\"article:modified_time\" content=\"2024-04-02T09:34:27+00:00\" \/>\n<meta property=\"og:image\" content=\"https:\/\/mysolar.ee\/wp-content\/uploads\/2022\/12\/Sofar-6HYD-1.jpg\" \/>\n\t<meta property=\"og:image:width\" content=\"560\" \/>\n\t<meta property=\"og:image:height\" content=\"560\" \/>\n\t<meta property=\"og:image:type\" content=\"image\/jpeg\" \/>\n<meta name=\"twitter:card\" content=\"summary_large_image\" \/>\n<meta name=\"twitter:label1\" content=\"Est. reading time\" \/>\n\t<meta name=\"twitter:data1\" content=\"1 minute\" \/>\n<script type=\"application\/ld+json\" class=\"yoast-schema-graph\">{\"@context\":\"https:\/\/schema.org\",\"@graph\":[{\"@type\":\"WebPage\",\"@id\":\"https:\/\/mysolar.ee\/en\/product\/sofar-hyd-8-ep\/\",\"url\":\"https:\/\/mysolar.ee\/en\/product\/sofar-hyd-8-ep\/\",\"name\":\"INVERTER SOFAR HYD8KTL HYBRID - My Solar\",\"isPartOf\":{\"@id\":\"https:\/\/mysolar.ee\/en\/#website\"},\"primaryImageOfPage\":{\"@id\":\"https:\/\/mysolar.ee\/en\/product\/sofar-hyd-8-ep\/#primaryimage\"},\"image\":{\"@id\":\"https:\/\/mysolar.ee\/en\/product\/sofar-hyd-8-ep\/#primaryimage\"},\"thumbnailUrl\":\"https:\/\/mysolar.ee\/wp-content\/uploads\/2022\/12\/Sofar-6HYD-1.jpg\",\"datePublished\":\"2022-12-16T08:42:33+00:00\",\"dateModified\":\"2024-04-02T09:34:27+00:00\",\"breadcrumb\":{\"@id\":\"https:\/\/mysolar.ee\/en\/product\/sofar-hyd-8-ep\/#breadcrumb\"},\"inLanguage\":\"en-US\",\"potentialAction\":[{\"@type\":\"ReadAction\",\"target\":[\"https:\/\/mysolar.ee\/en\/product\/sofar-hyd-8-ep\/\"]}]},{\"@type\":\"ImageObject\",\"inLanguage\":\"en-US\",\"@id\":\"https:\/\/mysolar.ee\/en\/product\/sofar-hyd-8-ep\/#primaryimage\",\"url\":\"https:\/\/mysolar.ee\/wp-content\/uploads\/2022\/12\/Sofar-6HYD-1.jpg\",\"contentUrl\":\"https:\/\/mysolar.ee\/wp-content\/uploads\/2022\/12\/Sofar-6HYD-1.jpg\",\"width\":560,\"height\":560},{\"@type\":\"BreadcrumbList\",\"@id\":\"https:\/\/mysolar.ee\/en\/product\/sofar-hyd-8-ep\/#breadcrumb\",\"itemListElement\":[{\"@type\":\"ListItem\",\"position\":1,\"name\":\"\u0413\u043b\u0430\u0432\u043d\u0430\u044f \u0441\u0442\u0440\u0430\u043d\u0438\u0446\u0430\",\"item\":\"https:\/\/mysolar.ee\/en\/\"},{\"@type\":\"ListItem\",\"position\":2,\"name\":\"Shop\",\"item\":\"https:\/\/mysolar.ee\/en\/shop-2\/\"},{\"@type\":\"ListItem\",\"position\":3,\"name\":\"INVERTER SOFAR HYD8KTL HYBRID\"}]},{\"@type\":\"WebSite\",\"@id\":\"https:\/\/mysolar.ee\/en\/#website\",\"url\":\"https:\/\/mysolar.ee\/en\/\",\"name\":\"https:\/\/mysolar.ee\/\",\"description\":\"\",\"publisher\":{\"@id\":\"https:\/\/mysolar.ee\/en\/#organization\"},\"alternateName\":\"mysolar\",\"potentialAction\":[{\"@type\":\"SearchAction\",\"target\":{\"@type\":\"EntryPoint\",\"urlTemplate\":\"https:\/\/mysolar.ee\/en\/?s={search_term_string}\"},\"query-input\":{\"@type\":\"PropertyValueSpecification\",\"valueRequired\":true,\"valueName\":\"search_term_string\"}}],\"inLanguage\":\"en-US\"},{\"@type\":\"Organization\",\"@id\":\"https:\/\/mysolar.ee\/en\/#organization\",\"name\":\"MySolar O\u00dc\",\"alternateName\":\"mysolar\",\"url\":\"https:\/\/mysolar.ee\/en\/\",\"logo\":{\"@type\":\"ImageObject\",\"inLanguage\":\"en-US\",\"@id\":\"https:\/\/mysolar.ee\/en\/#\/schema\/logo\/image\/\",\"url\":\"https:\/\/mysolar.ee\/wp-content\/uploads\/2023\/05\/logo-novoe.png\",\"contentUrl\":\"https:\/\/mysolar.ee\/wp-content\/uploads\/2023\/05\/logo-novoe.png\",\"width\":978,\"height\":473,\"caption\":\"MySolar O\u00dc\"},\"image\":{\"@id\":\"https:\/\/mysolar.ee\/en\/#\/schema\/logo\/image\/\"},\"sameAs\":[\"https:\/\/www.facebook.com\/mysolar.ee\/\"]}]}<\/script>\n<!-- \/ Yoast SEO plugin. -->","yoast_head_json":{"title":"INVERTER SOFAR HYD8KTL HYBRID - My Solar","robots":{"index":"index","follow":"follow","max-snippet":"max-snippet:-1","max-image-preview":"max-image-preview:large","max-video-preview":"max-video-preview:-1"},"canonical":"https:\/\/mysolar.ee\/en\/product\/sofar-hyd-8-ep\/","og_locale":"en_US","og_type":"article","og_title":"INVERTER SOFAR HYD8KTL HYBRID - My Solar","og_description":"Hind sisaldab k\u00e4ibemaksu  Suurtele kogustele k\u00fcsi pakkumist!","og_url":"https:\/\/mysolar.ee\/en\/product\/sofar-hyd-8-ep\/","og_site_name":"My Solar","article_publisher":"https:\/\/www.facebook.com\/mysolar.ee\/","article_modified_time":"2024-04-02T09:34:27+00:00","og_image":[{"width":560,"height":560,"url":"https:\/\/mysolar.ee\/wp-content\/uploads\/2022\/12\/Sofar-6HYD-1.jpg","type":"image\/jpeg"}],"twitter_card":"summary_large_image","twitter_misc":{"Est. reading time":"1 minute"},"schema":{"@context":"https:\/\/schema.org","@graph":[{"@type":"WebPage","@id":"https:\/\/mysolar.ee\/en\/product\/sofar-hyd-8-ep\/","url":"https:\/\/mysolar.ee\/en\/product\/sofar-hyd-8-ep\/","name":"INVERTER SOFAR HYD8KTL HYBRID - My Solar","isPartOf":{"@id":"https:\/\/mysolar.ee\/en\/#website"},"primaryImageOfPage":{"@id":"https:\/\/mysolar.ee\/en\/product\/sofar-hyd-8-ep\/#primaryimage"},"image":{"@id":"https:\/\/mysolar.ee\/en\/product\/sofar-hyd-8-ep\/#primaryimage"},"thumbnailUrl":"https:\/\/mysolar.ee\/wp-content\/uploads\/2022\/12\/Sofar-6HYD-1.jpg","datePublished":"2022-12-16T08:42:33+00:00","dateModified":"2024-04-02T09:34:27+00:00","breadcrumb":{"@id":"https:\/\/mysolar.ee\/en\/product\/sofar-hyd-8-ep\/#breadcrumb"},"inLanguage":"en-US","potentialAction":[{"@type":"ReadAction","target":["https:\/\/mysolar.ee\/en\/product\/sofar-hyd-8-ep\/"]}]},{"@type":"ImageObject","inLanguage":"en-US","@id":"https:\/\/mysolar.ee\/en\/product\/sofar-hyd-8-ep\/#primaryimage","url":"https:\/\/mysolar.ee\/wp-content\/uploads\/2022\/12\/Sofar-6HYD-1.jpg","contentUrl":"https:\/\/mysolar.ee\/wp-content\/uploads\/2022\/12\/Sofar-6HYD-1.jpg","width":560,"height":560},{"@type":"BreadcrumbList","@id":"https:\/\/mysolar.ee\/en\/product\/sofar-hyd-8-ep\/#breadcrumb","itemListElement":[{"@type":"ListItem","position":1,"name":"\u0413\u043b\u0430\u0432\u043d\u0430\u044f \u0441\u0442\u0440\u0430\u043d\u0438\u0446\u0430","item":"https:\/\/mysolar.ee\/en\/"},{"@type":"ListItem","position":2,"name":"Shop","item":"https:\/\/mysolar.ee\/en\/shop-2\/"},{"@type":"ListItem","position":3,"name":"INVERTER SOFAR HYD8KTL HYBRID"}]},{"@type":"WebSite","@id":"https:\/\/mysolar.ee\/en\/#website","url":"https:\/\/mysolar.ee\/en\/","name":"https:\/\/mysolar.ee\/","description":"","publisher":{"@id":"https:\/\/mysolar.ee\/en\/#organization"},"alternateName":"mysolar","potentialAction":[{"@type":"SearchAction","target":{"@type":"EntryPoint","urlTemplate":"https:\/\/mysolar.ee\/en\/?s={search_term_string}"},"query-input":{"@type":"PropertyValueSpecification","valueRequired":true,"valueName":"search_term_string"}}],"inLanguage":"en-US"},{"@type":"Organization","@id":"https:\/\/mysolar.ee\/en\/#organization","name":"MySolar O\u00dc","alternateName":"mysolar","url":"https:\/\/mysolar.ee\/en\/","logo":{"@type":"ImageObject","inLanguage":"en-US","@id":"https:\/\/mysolar.ee\/en\/#\/schema\/logo\/image\/","url":"https:\/\/mysolar.ee\/wp-content\/uploads\/2023\/05\/logo-novoe.png","contentUrl":"https:\/\/mysolar.ee\/wp-content\/uploads\/2023\/05\/logo-novoe.png","width":978,"height":473,"caption":"MySolar O\u00dc"},"image":{"@id":"https:\/\/mysolar.ee\/en\/#\/schema\/logo\/image\/"},"sameAs":["https:\/\/www.facebook.com\/mysolar.ee\/"]}]}},"_links":{"self":[{"href":"https:\/\/mysolar.ee\/en\/wp-json\/wp\/v2\/product\/10265","targetHints":{"allow":["GET"]}}],"collection":[{"href":"https:\/\/mysolar.ee\/en\/wp-json\/wp\/v2\/product"}],"about":[{"href":"https:\/\/mysolar.ee\/en\/wp-json\/wp\/v2\/types\/product"}],"wp:featuredmedia":[{"embeddable":true,"href":"https:\/\/mysolar.ee\/en\/wp-json\/wp\/v2\/media\/5522"}],"wp:attachment":[{"href":"https:\/\/mysolar.ee\/en\/wp-json\/wp\/v2\/media?parent=10265"}],"wp:term":[{"taxonomy":"product_brand","embeddable":true,"href":"https:\/\/mysolar.ee\/en\/wp-json\/wp\/v2\/product_brand?post=10265"},{"taxonomy":"product_cat","embeddable":true,"href":"https:\/\/mysolar.ee\/en\/wp-json\/wp\/v2\/product_cat?post=10265"},{"taxonomy":"product_tag","embeddable":true,"href":"https:\/\/mysolar.ee\/en\/wp-json\/wp\/v2\/product_tag?post=10265"}],"curies":[{"name":"wp","href":"https:\/\/api.w.org\/{rel}","templated":true}]}}