{"id":10262,"date":"2022-12-16T09:21:07","date_gmt":"2022-12-16T09:21:07","guid":{"rendered":"https:\/\/mysolar.ee\/product\/sofar-hyd-10ktl-3ph\/"},"modified":"2024-04-02T09:34:27","modified_gmt":"2024-04-02T09:34:27","slug":"sofar-hyd-10ktl-3ph","status":"publish","type":"product","link":"https:\/\/mysolar.ee\/en\/product\/sofar-hyd-10ktl-3ph\/","title":{"rendered":"INVERTER SOFAR HYD10KTL HYBRID"},"content":{"rendered":"<ul>\n<li>K\u00f5rge j\u00f5udlus<\/li>\n<li>T\u00e4pne MPPT algoritm maksimaalse energiatootmise saavutamiseks reaalajas<\/li>\n<li>Lai sisendpinge t\u00f6\u00f6piirkond<\/li>\n<li>S\u00f5ltumatu MPPT topeltj\u00e4lgimine, paindlik p\u00e4ikesekatuse disain<\/li>\n<li>Usaldusv\u00e4\u00e4rne ja turvaline<\/li>\n<li>K\u00f5rge t\u00f5husus, madal energiakadu, madalad hoolduskulud<\/li>\n<li>K\u00f5rgsageduslik isolatsioon aku ja PV-v\u00f5rgu\/v\u00f5rgu vahel<\/li>\n<li>T\u00e4iustatud akujuhtimistehnoloogia aku eluea kaitsmiseks<\/li>\n<li>Lihtsam k\u00e4sitsemine<\/li>\n<li>Vaba lehek\u00fclje valik koos IP65-ga<\/li>\n<li>Selge, kergesti loetav LCD 4 &#8216;LCD<\/li>\n<li>Lihtne j\u00e4lgimine telefonis (APP) ja arvutis (veebis)<\/li>\n<li>Mitu t\u00f6\u00f6re\u017eiimi<\/li>\n<li>PV ja salvestamine k\u00f5ik \u00fches, suurendab omatarbimist kuni 80% &amp; # 43; , v\u00e4hendab s\u00f5ltuvust elektriv\u00f5rgust, v\u00e4hendab elektriarveid.<\/li>\n<li>Autonoomne re\u017eiim (nagu UPS) saadaval, tagab kriitiliste koormuste ohutu toimimise<\/li>\n<li>Mitme t\u00f6\u00f6re\u017eiimi valik: automaatne re\u017eiim, t\u00f6\u00f6aja re\u017eiim, ajastatud re\u017eiim, passiivne re\u017eiim jne.<\/li>\n<li>Intelligentne v\u00f5rguhaldus<\/li>\n<li>Reaktiivv\u00f5imsuse v\u00f5imekus<\/li>\n<li>Piirab vahelduvvoolu v\u00e4ljundv\u00f5imsust, kui v\u00f5rgusagedus on liiga k\u00f5rge v\u00f5i liiga madal<\/li>\n<li>Piirab vahelduvvoolu v\u00e4ljundv\u00f5imsust, kui v\u00f5rgupinge on liiga k\u00f5rge<\/li>\n<li>Sisseehitatud eksport nullini (valikuline)<\/li>\n<\/ul>\n<p><a href=\"https:\/\/mysolar.ee\/wp-content\/uploads\/2022\/12\/Technical-Data-SOFAR-SOLAR-HYD-10KTL-3PH.pdf\">Technical Data SOFAR SOLAR HYD 10KTL-3PH<\/a><\/p>\n<p><a href=\"https:\/\/mysolar.ee\/wp-content\/uploads\/2022\/12\/Manual-INVERTER-SOFAR-HYD10KTL-HYBRID.pdf\">Manual INVERTER SOFAR HYD10KTL HYBRID<\/a><\/p>\n","protected":false},"excerpt":{"rendered":"<p>Hind sisaldab k\u00e4ibemaksu<\/p>\n<p>Suurtele kogustele k\u00fcsi pakkumist!<\/p>\n","protected":false},"featured_media":5534,"template":"","meta":{"_acf_changed":false},"product_brand":[],"product_cat":[752,19],"product_tag":[],"class_list":{"0":"post-10262","1":"product","2":"type-product","3":"status-publish","4":"has-post-thumbnail","6":"product_cat-hubriid-inverterid-en","7":"product_cat-inverters","9":"first","10":"instock","11":"taxable","12":"shipping-taxable","13":"purchasable","14":"product-type-simple"},"acf":[],"yoast_head":"<!-- This site is optimized with the Yoast SEO plugin v27.2 - https:\/\/yoast.com\/product\/yoast-seo-wordpress\/ -->\n<title>INVERTER SOFAR HYD10KTL HYBRID - My Solar<\/title>\n<meta name=\"robots\" content=\"index, follow, max-snippet:-1, max-image-preview:large, max-video-preview:-1\" \/>\n<link rel=\"canonical\" href=\"https:\/\/mysolar.ee\/en\/product\/sofar-hyd-10ktl-3ph\/\" \/>\n<meta property=\"og:locale\" content=\"en_US\" \/>\n<meta property=\"og:type\" content=\"article\" \/>\n<meta property=\"og:title\" content=\"INVERTER SOFAR HYD10KTL HYBRID - My Solar\" \/>\n<meta property=\"og:description\" content=\"Hind sisaldab k\u00e4ibemaksu  Suurtele kogustele k\u00fcsi pakkumist!\" \/>\n<meta property=\"og:url\" content=\"https:\/\/mysolar.ee\/en\/product\/sofar-hyd-10ktl-3ph\/\" \/>\n<meta property=\"og:site_name\" content=\"My Solar\" \/>\n<meta property=\"article:publisher\" content=\"https:\/\/www.facebook.com\/mysolar.ee\/\" \/>\n<meta property=\"article:modified_time\" content=\"2024-04-02T09:34:27+00:00\" \/>\n<meta property=\"og:image\" content=\"https:\/\/mysolar.ee\/wp-content\/uploads\/2022\/12\/SOFAR-HYD-10-EP-1.jpg\" \/>\n\t<meta property=\"og:image:width\" content=\"600\" \/>\n\t<meta property=\"og:image:height\" content=\"600\" \/>\n\t<meta property=\"og:image:type\" content=\"image\/jpeg\" \/>\n<meta name=\"twitter:card\" content=\"summary_large_image\" \/>\n<meta name=\"twitter:label1\" content=\"Est. reading time\" \/>\n\t<meta name=\"twitter:data1\" content=\"1 minute\" \/>\n<script type=\"application\/ld+json\" class=\"yoast-schema-graph\">{\"@context\":\"https:\/\/schema.org\",\"@graph\":[{\"@type\":\"WebPage\",\"@id\":\"https:\/\/mysolar.ee\/en\/product\/sofar-hyd-10ktl-3ph\/\",\"url\":\"https:\/\/mysolar.ee\/en\/product\/sofar-hyd-10ktl-3ph\/\",\"name\":\"INVERTER SOFAR HYD10KTL HYBRID - My Solar\",\"isPartOf\":{\"@id\":\"https:\/\/mysolar.ee\/en\/#website\"},\"primaryImageOfPage\":{\"@id\":\"https:\/\/mysolar.ee\/en\/product\/sofar-hyd-10ktl-3ph\/#primaryimage\"},\"image\":{\"@id\":\"https:\/\/mysolar.ee\/en\/product\/sofar-hyd-10ktl-3ph\/#primaryimage\"},\"thumbnailUrl\":\"https:\/\/mysolar.ee\/wp-content\/uploads\/2022\/12\/SOFAR-HYD-10-EP-1.jpg\",\"datePublished\":\"2022-12-16T09:21:07+00:00\",\"dateModified\":\"2024-04-02T09:34:27+00:00\",\"breadcrumb\":{\"@id\":\"https:\/\/mysolar.ee\/en\/product\/sofar-hyd-10ktl-3ph\/#breadcrumb\"},\"inLanguage\":\"en-US\",\"potentialAction\":[{\"@type\":\"ReadAction\",\"target\":[\"https:\/\/mysolar.ee\/en\/product\/sofar-hyd-10ktl-3ph\/\"]}]},{\"@type\":\"ImageObject\",\"inLanguage\":\"en-US\",\"@id\":\"https:\/\/mysolar.ee\/en\/product\/sofar-hyd-10ktl-3ph\/#primaryimage\",\"url\":\"https:\/\/mysolar.ee\/wp-content\/uploads\/2022\/12\/SOFAR-HYD-10-EP-1.jpg\",\"contentUrl\":\"https:\/\/mysolar.ee\/wp-content\/uploads\/2022\/12\/SOFAR-HYD-10-EP-1.jpg\",\"width\":600,\"height\":600},{\"@type\":\"BreadcrumbList\",\"@id\":\"https:\/\/mysolar.ee\/en\/product\/sofar-hyd-10ktl-3ph\/#breadcrumb\",\"itemListElement\":[{\"@type\":\"ListItem\",\"position\":1,\"name\":\"\u0413\u043b\u0430\u0432\u043d\u0430\u044f \u0441\u0442\u0440\u0430\u043d\u0438\u0446\u0430\",\"item\":\"https:\/\/mysolar.ee\/en\/\"},{\"@type\":\"ListItem\",\"position\":2,\"name\":\"Shop\",\"item\":\"https:\/\/mysolar.ee\/en\/shop-2\/\"},{\"@type\":\"ListItem\",\"position\":3,\"name\":\"INVERTER SOFAR HYD10KTL HYBRID\"}]},{\"@type\":\"WebSite\",\"@id\":\"https:\/\/mysolar.ee\/en\/#website\",\"url\":\"https:\/\/mysolar.ee\/en\/\",\"name\":\"https:\/\/mysolar.ee\/\",\"description\":\"\",\"publisher\":{\"@id\":\"https:\/\/mysolar.ee\/en\/#organization\"},\"alternateName\":\"mysolar\",\"potentialAction\":[{\"@type\":\"SearchAction\",\"target\":{\"@type\":\"EntryPoint\",\"urlTemplate\":\"https:\/\/mysolar.ee\/en\/?s={search_term_string}\"},\"query-input\":{\"@type\":\"PropertyValueSpecification\",\"valueRequired\":true,\"valueName\":\"search_term_string\"}}],\"inLanguage\":\"en-US\"},{\"@type\":\"Organization\",\"@id\":\"https:\/\/mysolar.ee\/en\/#organization\",\"name\":\"MySolar O\u00dc\",\"alternateName\":\"mysolar\",\"url\":\"https:\/\/mysolar.ee\/en\/\",\"logo\":{\"@type\":\"ImageObject\",\"inLanguage\":\"en-US\",\"@id\":\"https:\/\/mysolar.ee\/en\/#\/schema\/logo\/image\/\",\"url\":\"https:\/\/mysolar.ee\/wp-content\/uploads\/2023\/05\/logo-novoe.png\",\"contentUrl\":\"https:\/\/mysolar.ee\/wp-content\/uploads\/2023\/05\/logo-novoe.png\",\"width\":978,\"height\":473,\"caption\":\"MySolar O\u00dc\"},\"image\":{\"@id\":\"https:\/\/mysolar.ee\/en\/#\/schema\/logo\/image\/\"},\"sameAs\":[\"https:\/\/www.facebook.com\/mysolar.ee\/\"]}]}<\/script>\n<!-- \/ Yoast SEO plugin. -->","yoast_head_json":{"title":"INVERTER SOFAR HYD10KTL HYBRID - My Solar","robots":{"index":"index","follow":"follow","max-snippet":"max-snippet:-1","max-image-preview":"max-image-preview:large","max-video-preview":"max-video-preview:-1"},"canonical":"https:\/\/mysolar.ee\/en\/product\/sofar-hyd-10ktl-3ph\/","og_locale":"en_US","og_type":"article","og_title":"INVERTER SOFAR HYD10KTL HYBRID - My Solar","og_description":"Hind sisaldab k\u00e4ibemaksu  Suurtele kogustele k\u00fcsi pakkumist!","og_url":"https:\/\/mysolar.ee\/en\/product\/sofar-hyd-10ktl-3ph\/","og_site_name":"My Solar","article_publisher":"https:\/\/www.facebook.com\/mysolar.ee\/","article_modified_time":"2024-04-02T09:34:27+00:00","og_image":[{"width":600,"height":600,"url":"https:\/\/mysolar.ee\/wp-content\/uploads\/2022\/12\/SOFAR-HYD-10-EP-1.jpg","type":"image\/jpeg"}],"twitter_card":"summary_large_image","twitter_misc":{"Est. reading time":"1 minute"},"schema":{"@context":"https:\/\/schema.org","@graph":[{"@type":"WebPage","@id":"https:\/\/mysolar.ee\/en\/product\/sofar-hyd-10ktl-3ph\/","url":"https:\/\/mysolar.ee\/en\/product\/sofar-hyd-10ktl-3ph\/","name":"INVERTER SOFAR HYD10KTL HYBRID - My Solar","isPartOf":{"@id":"https:\/\/mysolar.ee\/en\/#website"},"primaryImageOfPage":{"@id":"https:\/\/mysolar.ee\/en\/product\/sofar-hyd-10ktl-3ph\/#primaryimage"},"image":{"@id":"https:\/\/mysolar.ee\/en\/product\/sofar-hyd-10ktl-3ph\/#primaryimage"},"thumbnailUrl":"https:\/\/mysolar.ee\/wp-content\/uploads\/2022\/12\/SOFAR-HYD-10-EP-1.jpg","datePublished":"2022-12-16T09:21:07+00:00","dateModified":"2024-04-02T09:34:27+00:00","breadcrumb":{"@id":"https:\/\/mysolar.ee\/en\/product\/sofar-hyd-10ktl-3ph\/#breadcrumb"},"inLanguage":"en-US","potentialAction":[{"@type":"ReadAction","target":["https:\/\/mysolar.ee\/en\/product\/sofar-hyd-10ktl-3ph\/"]}]},{"@type":"ImageObject","inLanguage":"en-US","@id":"https:\/\/mysolar.ee\/en\/product\/sofar-hyd-10ktl-3ph\/#primaryimage","url":"https:\/\/mysolar.ee\/wp-content\/uploads\/2022\/12\/SOFAR-HYD-10-EP-1.jpg","contentUrl":"https:\/\/mysolar.ee\/wp-content\/uploads\/2022\/12\/SOFAR-HYD-10-EP-1.jpg","width":600,"height":600},{"@type":"BreadcrumbList","@id":"https:\/\/mysolar.ee\/en\/product\/sofar-hyd-10ktl-3ph\/#breadcrumb","itemListElement":[{"@type":"ListItem","position":1,"name":"\u0413\u043b\u0430\u0432\u043d\u0430\u044f \u0441\u0442\u0440\u0430\u043d\u0438\u0446\u0430","item":"https:\/\/mysolar.ee\/en\/"},{"@type":"ListItem","position":2,"name":"Shop","item":"https:\/\/mysolar.ee\/en\/shop-2\/"},{"@type":"ListItem","position":3,"name":"INVERTER SOFAR HYD10KTL HYBRID"}]},{"@type":"WebSite","@id":"https:\/\/mysolar.ee\/en\/#website","url":"https:\/\/mysolar.ee\/en\/","name":"https:\/\/mysolar.ee\/","description":"","publisher":{"@id":"https:\/\/mysolar.ee\/en\/#organization"},"alternateName":"mysolar","potentialAction":[{"@type":"SearchAction","target":{"@type":"EntryPoint","urlTemplate":"https:\/\/mysolar.ee\/en\/?s={search_term_string}"},"query-input":{"@type":"PropertyValueSpecification","valueRequired":true,"valueName":"search_term_string"}}],"inLanguage":"en-US"},{"@type":"Organization","@id":"https:\/\/mysolar.ee\/en\/#organization","name":"MySolar O\u00dc","alternateName":"mysolar","url":"https:\/\/mysolar.ee\/en\/","logo":{"@type":"ImageObject","inLanguage":"en-US","@id":"https:\/\/mysolar.ee\/en\/#\/schema\/logo\/image\/","url":"https:\/\/mysolar.ee\/wp-content\/uploads\/2023\/05\/logo-novoe.png","contentUrl":"https:\/\/mysolar.ee\/wp-content\/uploads\/2023\/05\/logo-novoe.png","width":978,"height":473,"caption":"MySolar O\u00dc"},"image":{"@id":"https:\/\/mysolar.ee\/en\/#\/schema\/logo\/image\/"},"sameAs":["https:\/\/www.facebook.com\/mysolar.ee\/"]}]}},"_links":{"self":[{"href":"https:\/\/mysolar.ee\/en\/wp-json\/wp\/v2\/product\/10262","targetHints":{"allow":["GET"]}}],"collection":[{"href":"https:\/\/mysolar.ee\/en\/wp-json\/wp\/v2\/product"}],"about":[{"href":"https:\/\/mysolar.ee\/en\/wp-json\/wp\/v2\/types\/product"}],"wp:featuredmedia":[{"embeddable":true,"href":"https:\/\/mysolar.ee\/en\/wp-json\/wp\/v2\/media\/5534"}],"wp:attachment":[{"href":"https:\/\/mysolar.ee\/en\/wp-json\/wp\/v2\/media?parent=10262"}],"wp:term":[{"taxonomy":"product_brand","embeddable":true,"href":"https:\/\/mysolar.ee\/en\/wp-json\/wp\/v2\/product_brand?post=10262"},{"taxonomy":"product_cat","embeddable":true,"href":"https:\/\/mysolar.ee\/en\/wp-json\/wp\/v2\/product_cat?post=10262"},{"taxonomy":"product_tag","embeddable":true,"href":"https:\/\/mysolar.ee\/en\/wp-json\/wp\/v2\/product_tag?post=10262"}],"curies":[{"name":"wp","href":"https:\/\/api.w.org\/{rel}","templated":true}]}}