{"id":3489,"date":"2019-08-20T08:24:05","date_gmt":"2019-08-20T08:24:05","guid":{"rendered":"http:\/\/impreza15.us-themes.com\/?page_id=3"},"modified":"2020-07-29T15:28:57","modified_gmt":"2020-07-29T15:28:57","slug":"privacy-policy-2","status":"publish","type":"page","link":"https:\/\/mysolar.ee\/en\/privacy-policy-2\/","title":{"rendered":"Privacy Policy"},"content":{"rendered":"<section class=\"l-section wpb_row height_custom\"><div class=\"l-section-h i-cf\"><div class=\"g-cols vc_row via_flex valign_top type_default stacking_default\"><div class=\"vc_col-sm-12 wpb_column vc_column_container\"><div class=\"vc_column-inner\"><div class=\"wpb_wrapper\"><div class=\"wpb_text_column\"><div class=\"wpb_wrapper\"><p>Teie konfidentsiaalsuse tagamine on MySolar t\u00f6\u00f6 t\u00e4htis aspekt. K\u00e4esolev konfidentsiaalsuse kokkulepe sisaldab infot selle kohta, milliseid kasutaja andmeid on v\u00f5imalik saada tema viibimise ajal MySolar\u00a0veebilehel ja kuidas neid kasutatakse.<\/p>\n<p><strong>Personaalse info saamine<\/strong><\/p>\n<p>MySolar kogub ja kasutab allj\u00e4rgnevat personaalset infot:<\/p>\n<ul>\n<li>Andmeid selle kohta, kuidas kasutate MySolar\u00a0veebilehte.<\/li>\n<li>Andmeid k\u00f5igi operatsioonide kohta, milles te osalete sellele lehel.<\/li>\n<li>Infot, mida sisestate veebilehel registreerumiseks.<\/li>\n<li>Teie poolt edastatavat infot meie poolsete teenuste osutamise eesm\u00e4rgil.<\/li>\n<li>Mis tahes muud teie poolt MySolar\u00a0veebilehel edastatavat infot.<\/li>\n<\/ul>\n<p><strong>Personaalse info kasutamine<\/strong><\/p>\n<p>MySolar v\u00f5ib kasutada teie personaalset infot allj\u00e4rgnevatel eesm\u00e4rkidel:<\/p>\n<ul>\n<li>Veebilehel t\u00f6\u00f6 toetamiseks.<\/li>\n<li>Spetsiaalselt teile m\u00f5eldud veebilehe personifitseerimiseks.<\/li>\n<li>Teile juurdep\u00e4\u00e4su v\u00f5imaldamiseks k\u00f5igile veebileheteenustele.<\/li>\n<li>Teid puudutava info avaldamiseks veebilehel.<\/li>\n<li>Teie poolt tasumisele kuuluvate teenuste pakkumine.<\/li>\n<li>Teile osutatud teenuste kohta v\u00e4ljav\u00f5tte ja arve saatmiseks.<\/li>\n<li>Maksearvelduste tegemiseks.<\/li>\n<li>Marketingi kommunikatsioonide pidamiseks.<\/li>\n<\/ul>\n<p>Lisaks \u00fclalnimetatud konfidentsiaalsuse kokkuleppes nimetatud personaalse info avalikustamisele v\u00f5ib MySolar samuti edastada teie isiklikku infot vastavatele instantsidele kehtiva seadusandluse kohaselt kohtu- v\u00f5i muude menetluste korral, samuti seadusest tulenevate MySolar\u00a0\u00f5iguste kaitseks.<\/p>\n<p><strong>Isikuandmete s\u00e4ilitamine<\/strong><\/p>\n<p>MySolar s\u00e4ilitab teie isikuandmed kuni see on vajalik nende kogumise eesm\u00e4rgi t\u00e4itmiseks, sh pretensioonide eest kaitseks ja esitamiseks vastavalt seaduste n\u00f5udmistele.<\/p>\n<p>Raamatupidamisdokumendid \u2013 7 aastat alates asjakohase majandusaasta l\u00f5pust, tulenevalt raamatupidamis- ja maksundusseadustest.<br \/>\nLepinguliste ja Konfidentsiaalsuse n\u00f5uetega seotud Isikuandmed \u2013 10 aastat alates Lepingu l\u00f5ppemisest, tulenevalt maksimaalsest aegumist\u00e4htajast tahtliku rikkumise puhul.<br \/>\nK\u00fcpsiste andmed \u2013 vastavalt k\u00fcpsiste poliitikale.<\/p>\n<p>Kasutajal on \u00f5igus taotleda juurdep\u00e4\u00e4su enda isikuandmetele.<br \/>\nMySolar ei eemalda isikuandmeid, juhul kui selleks ei ole piisavalt p\u00f5hjendusi v\u00f5i kui isikuandmete t\u00f6\u00f6tlemist n\u00f5utakse seadusest tulenevalt MySolar\u00a0kohustuste t\u00e4itmise eesm\u00e4rgil, hagide esitamiseks ja ettevalmistuseks, kaitse toiminguteks kohtus.<\/p>\n<p><strong>Teie andmete turvalisus<\/strong><\/p>\n<p>MySolar p\u00fc\u00fcab rakendada k\u00f5iki v\u00f5imalikke tehnilisi ja korralduslikke meetmed teie isikliku info kadumise, kuritarvitamise v\u00f5i modifitseerimise v\u00e4ltimiseks. MySolar\u00a0s\u00e4ilitab teie poolt edastatud infot \u00fcksnes turvalistel serveritel. Eriti t\u00e4htis info edastatakse \u00fcksnes \u0161ifreeritult, kasutades selleks t\u00e4nap\u00e4evaseid kr\u00fcptograafiameetodeid.<\/p>\n<p><strong>Riikide vahelise info edastamine<\/strong><\/p>\n<p>MySolar poolt kogutavat infot v\u00f5ib s\u00e4ilitada, t\u00f6\u00f6delda ja edastada nende riikide vahel, kus MySolar\u00a0on mis tahes legaalne tegevus, et osutada t\u00e4ies mahus k\u00f5iki teenuseid k\u00e4esoleva Konfidentsiaalsuse kokkuleppe kohaselt. Lisaks \u00f6eldule kuvatakse teie poolt sellel veebilehel avaldamiseks m\u00f5eldud info avalikult ning see muutub ligip\u00e4\u00e4setavaks kogu maailmas. Te annate oma n\u00f5usoleku sellisel moel teid puudutava info edastamiseks eri riikide vahel.<\/p>\n<p><strong>Muudatuste tegemine antud dokumenti<\/strong><\/p>\n<p>MySolar saab teha parandusi Konfidentsiaalsuse kokkuleppesse, uuendades nimetatud veebileht. MySolar\u00a0j\u00e4tab endale \u00f5iguse mitte teavitada isiklikult taolistest muudatustest. Seep\u00e4rast soovitame teil aeg-ajalt \u00fcle vaadata nimetatud dokumenti j\u00e4lgimaks sellesse tehtavaid muudatusi.<\/p>\n<p><strong>Kolmandate isikute veebilehed<\/strong><\/p>\n<p>K\u00e4esolev veebileht sisaldab v\u00e4lisviiteid teistele veebilehtedele. MySolar\u00a0ei kanna mis tahes vastutust nende veebilehtede ja muude kokkulepete konfidentsiaalsuse ning nende sisu eest.<\/p>\n<p><strong>K\u00fcsimused MySolar-ile<\/strong><\/p>\n<p>Kui teil tekivad k\u00fcsimused seoses Konfidentsiaalsuse kokkuleppega v\u00f5i mis eesm\u00e4rkidel MySolar\u00a0kasutab teie isiklikku infot, kirjutage\u00a0klienditoe teenistusele.<\/p>\n<\/div><\/div><\/div><\/div><\/div><\/div><\/div><\/section>\n","protected":false},"excerpt":{"rendered":"Teie konfidentsiaalsuse tagamine on MySolar t\u00f6\u00f6 t\u00e4htis aspekt. K\u00e4esolev konfidentsiaalsuse kokkulepe sisaldab infot selle kohta, milliseid kasutaja andmeid on v\u00f5imalik saada tema viibimise ajal MySolar\u00a0veebilehel ja kuidas neid kasutatakse. Personaalse info saamine MySolar kogub ja kasutab allj\u00e4rgnevat personaalset infot: Andmeid selle kohta, kuidas kasutate MySolar\u00a0veebilehte. Andmeid k\u00f5igi operatsioonide kohta, milles te osalete sellele lehel. Infot,...","protected":false},"author":1,"featured_media":0,"parent":0,"menu_order":0,"comment_status":"closed","ping_status":"open","template":"","meta":{"_acf_changed":false,"footnotes":""},"class_list":["post-3489","page","type-page","status-publish","hentry"],"acf":[],"yoast_head":"<!-- This site is optimized with the Yoast SEO plugin v27.2 - https:\/\/yoast.com\/product\/yoast-seo-wordpress\/ -->\n<title>Privacy Policy - My Solar<\/title>\n<meta name=\"robots\" content=\"index, follow, max-snippet:-1, max-image-preview:large, max-video-preview:-1\" \/>\n<link rel=\"canonical\" href=\"https:\/\/mysolar.ee\/en\/privacy-policy-2\/\" \/>\n<meta property=\"og:locale\" content=\"en_US\" \/>\n<meta property=\"og:type\" content=\"article\" \/>\n<meta property=\"og:title\" content=\"Privacy Policy - My Solar\" \/>\n<meta property=\"og:url\" content=\"https:\/\/mysolar.ee\/en\/privacy-policy-2\/\" \/>\n<meta property=\"og:site_name\" content=\"My Solar\" \/>\n<meta property=\"article:publisher\" content=\"https:\/\/www.facebook.com\/mysolar.ee\/\" \/>\n<meta property=\"article:modified_time\" content=\"2020-07-29T15:28:57+00:00\" \/>\n<meta name=\"twitter:card\" content=\"summary_large_image\" \/>\n<meta name=\"twitter:label1\" content=\"Est. reading time\" \/>\n\t<meta name=\"twitter:data1\" content=\"3 minutes\" \/>\n<script type=\"application\/ld+json\" class=\"yoast-schema-graph\">{\"@context\":\"https:\/\/schema.org\",\"@graph\":[{\"@type\":\"WebPage\",\"@id\":\"https:\/\/mysolar.ee\/en\/privacy-policy-2\/\",\"url\":\"https:\/\/mysolar.ee\/en\/privacy-policy-2\/\",\"name\":\"Privacy Policy - My Solar\",\"isPartOf\":{\"@id\":\"https:\/\/mysolar.ee\/en\/#website\"},\"datePublished\":\"2019-08-20T08:24:05+00:00\",\"dateModified\":\"2020-07-29T15:28:57+00:00\",\"breadcrumb\":{\"@id\":\"https:\/\/mysolar.ee\/en\/privacy-policy-2\/#breadcrumb\"},\"inLanguage\":\"en-US\",\"potentialAction\":[{\"@type\":\"ReadAction\",\"target\":[\"https:\/\/mysolar.ee\/en\/privacy-policy-2\/\"]}]},{\"@type\":\"BreadcrumbList\",\"@id\":\"https:\/\/mysolar.ee\/en\/privacy-policy-2\/#breadcrumb\",\"itemListElement\":[{\"@type\":\"ListItem\",\"position\":1,\"name\":\"\u0413\u043b\u0430\u0432\u043d\u0430\u044f \u0441\u0442\u0440\u0430\u043d\u0438\u0446\u0430\",\"item\":\"https:\/\/mysolar.ee\/en\/\"},{\"@type\":\"ListItem\",\"position\":2,\"name\":\"Privacy Policy\"}]},{\"@type\":\"WebSite\",\"@id\":\"https:\/\/mysolar.ee\/en\/#website\",\"url\":\"https:\/\/mysolar.ee\/en\/\",\"name\":\"https:\/\/mysolar.ee\/\",\"description\":\"\",\"publisher\":{\"@id\":\"https:\/\/mysolar.ee\/en\/#organization\"},\"alternateName\":\"mysolar\",\"potentialAction\":[{\"@type\":\"SearchAction\",\"target\":{\"@type\":\"EntryPoint\",\"urlTemplate\":\"https:\/\/mysolar.ee\/en\/?s={search_term_string}\"},\"query-input\":{\"@type\":\"PropertyValueSpecification\",\"valueRequired\":true,\"valueName\":\"search_term_string\"}}],\"inLanguage\":\"en-US\"},{\"@type\":\"Organization\",\"@id\":\"https:\/\/mysolar.ee\/en\/#organization\",\"name\":\"MySolar O\u00dc\",\"alternateName\":\"mysolar\",\"url\":\"https:\/\/mysolar.ee\/en\/\",\"logo\":{\"@type\":\"ImageObject\",\"inLanguage\":\"en-US\",\"@id\":\"https:\/\/mysolar.ee\/en\/#\/schema\/logo\/image\/\",\"url\":\"https:\/\/mysolar.ee\/wp-content\/uploads\/2023\/05\/logo-novoe.png\",\"contentUrl\":\"https:\/\/mysolar.ee\/wp-content\/uploads\/2023\/05\/logo-novoe.png\",\"width\":978,\"height\":473,\"caption\":\"MySolar O\u00dc\"},\"image\":{\"@id\":\"https:\/\/mysolar.ee\/en\/#\/schema\/logo\/image\/\"},\"sameAs\":[\"https:\/\/www.facebook.com\/mysolar.ee\/\"]}]}<\/script>\n<!-- \/ Yoast SEO plugin. -->","yoast_head_json":{"title":"Privacy Policy - My Solar","robots":{"index":"index","follow":"follow","max-snippet":"max-snippet:-1","max-image-preview":"max-image-preview:large","max-video-preview":"max-video-preview:-1"},"canonical":"https:\/\/mysolar.ee\/en\/privacy-policy-2\/","og_locale":"en_US","og_type":"article","og_title":"Privacy Policy - My Solar","og_url":"https:\/\/mysolar.ee\/en\/privacy-policy-2\/","og_site_name":"My Solar","article_publisher":"https:\/\/www.facebook.com\/mysolar.ee\/","article_modified_time":"2020-07-29T15:28:57+00:00","twitter_card":"summary_large_image","twitter_misc":{"Est. reading time":"3 minutes"},"schema":{"@context":"https:\/\/schema.org","@graph":[{"@type":"WebPage","@id":"https:\/\/mysolar.ee\/en\/privacy-policy-2\/","url":"https:\/\/mysolar.ee\/en\/privacy-policy-2\/","name":"Privacy Policy - My Solar","isPartOf":{"@id":"https:\/\/mysolar.ee\/en\/#website"},"datePublished":"2019-08-20T08:24:05+00:00","dateModified":"2020-07-29T15:28:57+00:00","breadcrumb":{"@id":"https:\/\/mysolar.ee\/en\/privacy-policy-2\/#breadcrumb"},"inLanguage":"en-US","potentialAction":[{"@type":"ReadAction","target":["https:\/\/mysolar.ee\/en\/privacy-policy-2\/"]}]},{"@type":"BreadcrumbList","@id":"https:\/\/mysolar.ee\/en\/privacy-policy-2\/#breadcrumb","itemListElement":[{"@type":"ListItem","position":1,"name":"\u0413\u043b\u0430\u0432\u043d\u0430\u044f \u0441\u0442\u0440\u0430\u043d\u0438\u0446\u0430","item":"https:\/\/mysolar.ee\/en\/"},{"@type":"ListItem","position":2,"name":"Privacy Policy"}]},{"@type":"WebSite","@id":"https:\/\/mysolar.ee\/en\/#website","url":"https:\/\/mysolar.ee\/en\/","name":"https:\/\/mysolar.ee\/","description":"","publisher":{"@id":"https:\/\/mysolar.ee\/en\/#organization"},"alternateName":"mysolar","potentialAction":[{"@type":"SearchAction","target":{"@type":"EntryPoint","urlTemplate":"https:\/\/mysolar.ee\/en\/?s={search_term_string}"},"query-input":{"@type":"PropertyValueSpecification","valueRequired":true,"valueName":"search_term_string"}}],"inLanguage":"en-US"},{"@type":"Organization","@id":"https:\/\/mysolar.ee\/en\/#organization","name":"MySolar O\u00dc","alternateName":"mysolar","url":"https:\/\/mysolar.ee\/en\/","logo":{"@type":"ImageObject","inLanguage":"en-US","@id":"https:\/\/mysolar.ee\/en\/#\/schema\/logo\/image\/","url":"https:\/\/mysolar.ee\/wp-content\/uploads\/2023\/05\/logo-novoe.png","contentUrl":"https:\/\/mysolar.ee\/wp-content\/uploads\/2023\/05\/logo-novoe.png","width":978,"height":473,"caption":"MySolar O\u00dc"},"image":{"@id":"https:\/\/mysolar.ee\/en\/#\/schema\/logo\/image\/"},"sameAs":["https:\/\/www.facebook.com\/mysolar.ee\/"]}]}},"_links":{"self":[{"href":"https:\/\/mysolar.ee\/en\/wp-json\/wp\/v2\/pages\/3489","targetHints":{"allow":["GET"]}}],"collection":[{"href":"https:\/\/mysolar.ee\/en\/wp-json\/wp\/v2\/pages"}],"about":[{"href":"https:\/\/mysolar.ee\/en\/wp-json\/wp\/v2\/types\/page"}],"author":[{"embeddable":true,"href":"https:\/\/mysolar.ee\/en\/wp-json\/wp\/v2\/users\/1"}],"replies":[{"embeddable":true,"href":"https:\/\/mysolar.ee\/en\/wp-json\/wp\/v2\/comments?post=3489"}],"version-history":[{"count":1,"href":"https:\/\/mysolar.ee\/en\/wp-json\/wp\/v2\/pages\/3489\/revisions"}],"predecessor-version":[{"id":3815,"href":"https:\/\/mysolar.ee\/en\/wp-json\/wp\/v2\/pages\/3489\/revisions\/3815"}],"wp:attachment":[{"href":"https:\/\/mysolar.ee\/en\/wp-json\/wp\/v2\/media?parent=3489"}],"curies":[{"name":"wp","href":"https:\/\/api.w.org\/{rel}","templated":true}]}}